{"id":2,"date":"2014-06-01T17:03:50","date_gmt":"2014-06-01T17:03:50","guid":{"rendered":"http:\/\/www.feedfreakz.net\/autoverwertung\/?page_id=2"},"modified":"2025-01-31T15:19:24","modified_gmt":"2025-01-31T13:19:24","slug":"beispiel-seite","status":"publish","type":"page","link":"http:\/\/www.blackyellowpanther.de\/?page_id=2","title":{"rendered":"Impressum"},"content":{"rendered":"<p>Impressum<\/p>\n<p>Angaben gem\u00e4\u00df \u00a7 5 TMG (Telemediengesetz):<\/p>\n<p>Vereinsname: Black Yellow Panther<br \/>\nRechtsform: Eingetragener Verein (e.V.)<br \/>\nSitz des Vereins: Heckenweg 1, 56814 Landkern<br \/>\nVertreten durch: Thomas Gilles<br \/>\nKontakt:<br \/>\n&#8211; E-Mail: blackyellowpanther@gmx.de<br \/>\n&#8211; Telefon: 016098061985<\/p>\n<p>Vereinsregister: [Vereinsregistergericht] &#8211; Registernummer: [Nummer]<\/p>\n<p>Verantwortlich f\u00fcr den Inhalt nach \u00a7 55 Abs. 2 RStV:<br \/>\nThomas Gilles<br \/>\nAdresse wie oben<\/p>\n<p>Hinweis zur Aufsichtsbeh\u00f6rde:<br \/>\nDer Verein unterliegt der Aufsicht durch das [z.B. zust\u00e4ndige Amtsgericht, das Land, etc.].<\/p>\n<p>Haftungsausschluss:<br \/>\nDer Verein \u00fcbernimmt keine Haftung f\u00fcr die Inhalte externer Links. F\u00fcr den Inhalt der verlinkten Seiten sind ausschlie\u00dflich deren Betreiber verantwortlich.<\/p>\n<p>Copyright:<br \/>\nAlle Inhalte, Bilder und Texte dieser Website unterliegen dem Urheberrecht und d\u00fcrfen ohne ausdr\u00fcckliche Genehmigung des Vereins nicht verwendet werden.<\/p>\n<p><strong>Urheberrechtshinweise:<\/strong><br \/>\nAlle Texte, Grafiken, Bilder dieser Webpr\u00e4senz sind urheberrechtlich gesch\u00fctzt.<br \/>\nDie Verwendung der Inhalte dieser Internetseite bed\u00fcrfen einer schriftlichen<br \/>\nGenehmigung durch den Verantwortlichen dieser Webpr\u00e4senz.<br \/>\nDie Vervielf\u00e4ltigung, \u00c4nderung, Verbreitung, Speicherung und \u00fcber den<br \/>\npers\u00f6nlichen Gebrauch hinaus gehende Nutzung von Daten ist ohne das<br \/>\nschriftliche Einverst\u00e4ndnis von Black Yellow Panter e.V. unzul\u00e4ssig.<\/p>\n<p><strong>Datenschutz:<\/strong><\/p>\n<p>Verantwortliche Stelle:<br \/>\nThomas Gilles<br \/>\nHeckenweg 1<br \/>\n56814 Landkern<br \/>\nDeutschland<br \/>\nTel.: 016098061985<br \/>\nE-Mail: blackyellowpanther@gmx.de<\/p>\n<p>Erhebung und Verarbeitung von personenbezogenen Daten:<br \/>\nWir erheben personenbezogene Daten wie Name, E-Mail-Adresse und IP-Adresse, wenn Sie unsere Website nutzen. Diese Daten werden verwendet, um die Funktionalit\u00e4t unserer Website sicherzustellen und um Ihnen unsere Dienstleistungen zur Verf\u00fcgung zu stellen.<\/p>\n<p>Rechtsgrundlage:<br \/>\nDie Verarbeitung erfolgt auf Basis Ihrer Einwilligung (Art. 6 Abs. 1 lit. a DSGVO) oder zur Erf\u00fcllung eines Vertrages (Art. 6 Abs. 1 lit. b DSGVO).<\/p>\n<p>Speicherdauer:<br \/>\nIhre personenbezogenen Daten werden so lange gespeichert, wie es f\u00fcr die Erf\u00fcllung der genannten Zwecke erforderlich ist.<\/p>\n<p>Ihre Rechte:<br \/>\nSie haben das Recht, Auskunft \u00fcber Ihre gespeicherten Daten zu verlangen, die Berichtigung unrichtiger Daten zu fordern sowie die L\u00f6schung oder Einschr\u00e4nkung der Verarbeitung Ihrer Daten zu beantragen.<\/p>\n<p>Cookies:<br \/>\nUnsere Website verwendet Cookies, um die Nutzung zu analysieren und personalisierte Inhalte bereitzustellen. Sie k\u00f6nnen die Verwendung von Cookies in Ihren Browsereinstellungen deaktivieren.<\/p>\n<p>Weitergabe an Dritte:<br \/>\nEine Weitergabe Ihrer Daten an Dritte erfolgt nur, wenn dies f\u00fcr die Vertragsabwicklung notwendig ist oder wir gesetzlich dazu verpflichtet sind.<\/p>\n<p><strong>Haftungsausschluss:<\/strong><br \/>\nDie Inhalte dieser Website sind nach bestem Wissen und Gewissen zusammengestellt<br \/>\nworden. Eine Haftung f\u00fcr die Vollst\u00e4ndigkeit, Aktualit\u00e4t und die Richtigkeit der Inhalte<br \/>\nwird in keinem Fall \u00fcbernommen.<br \/>\nDie Inhalte anderer Websites, auf die diese Internetseite mit Hyperlinks verweist,<br \/>\nentziehen sich der Kontrolle und Verantwortlichkeit des Verantwortlichen dieser<br \/>\nWebpr\u00e4senz. Wenn Sie diesen Links folgen, dann tun Sie das auf eigene Gefahr.<\/p>\n","protected":false},"excerpt":{"rendered":"<p>Impressum Angaben gem\u00e4\u00df \u00a7 5 TMG (Telemediengesetz): Vereinsname: Black Yellow Panther Rechtsform: Eingetragener Verein (e.V.) Sitz des Vereins: Heckenweg 1, 56814 Landkern Vertreten durch: Thomas Gilles Kontakt: &#8211; E-Mail: blackyellowpanther@gmx.de&#8230; <\/p>\n<div class=\"read-more navbutton\"><a href=\"http:\/\/www.blackyellowpanther.de\/?page_id=2\">Read More<i class=\"fa fa-angle-double-right\"><\/i><\/a><\/div>\n","protected":false},"author":1,"featured_media":0,"parent":0,"menu_order":0,"comment_status":"closed","ping_status":"closed","template":"","meta":{"footnotes":""},"_links":{"self":[{"href":"http:\/\/www.blackyellowpanther.de\/index.php?rest_route=\/wp\/v2\/pages\/2"}],"collection":[{"href":"http:\/\/www.blackyellowpanther.de\/index.php?rest_route=\/wp\/v2\/pages"}],"about":[{"href":"http:\/\/www.blackyellowpanther.de\/index.php?rest_route=\/wp\/v2\/types\/page"}],"author":[{"embeddable":true,"href":"http:\/\/www.blackyellowpanther.de\/index.php?rest_route=\/wp\/v2\/users\/1"}],"replies":[{"embeddable":true,"href":"http:\/\/www.blackyellowpanther.de\/index.php?rest_route=%2Fwp%2Fv2%2Fcomments&post=2"}],"version-history":[{"count":6,"href":"http:\/\/www.blackyellowpanther.de\/index.php?rest_route=\/wp\/v2\/pages\/2\/revisions"}],"predecessor-version":[{"id":1056,"href":"http:\/\/www.blackyellowpanther.de\/index.php?rest_route=\/wp\/v2\/pages\/2\/revisions\/1056"}],"wp:attachment":[{"href":"http:\/\/www.blackyellowpanther.de\/index.php?rest_route=%2Fwp%2Fv2%2Fmedia&parent=2"}],"curies":[{"name":"wp","href":"https:\/\/api.w.org\/{rel}","templated":true}]}}