{"id":48,"date":"2015-04-14T13:40:35","date_gmt":"2015-04-14T11:40:35","guid":{"rendered":"http:\/\/www.feedfreakz.net\/autoverwertung\/?page_id=48"},"modified":"2017-01-09T01:14:47","modified_gmt":"2017-01-08T23:14:47","slug":"mitgliedersatzung","status":"publish","type":"page","link":"https:\/\/www.blackyellowpanther.de\/?page_id=48","title":{"rendered":"Mitgliedersatzung"},"content":{"rendered":"<p><strong>\u00a7 1 Name, Sitz des und Logo des Fanclubs<\/strong><\/p>\n<p>Der am 19.12.2009 gegr\u00fcndete Fanclub tr\u00e4gt den Namen \u201eBlack Yellow Panther (Eifel Mosel Rhein)\u201c und hat seinen Sitz in 56814 Landkern.<br \/>\nDas Logo besteht aus einer \u201ePanther-Tatze\u201c in Vereinsfarben dem Namen und dem Gr\u00fcndungsjahr des Fanclubs. Umrandet wird das ganze durch zwei Korn\u00e4hren, welche die Eifelregion symbolisieren sollen.<\/p>\n<p><strong>\u00a7 2 Zweck des Fanclubs<\/strong><\/p>\n<p><strong>I<\/strong>. Der Fanclub besteht zu dem Zweck, die Mannschaft des BVB sowohl bei Heimspielen als auch bei Ausw\u00e4rtsspielen zu unterst\u00fctzen.<br \/>\n<strong>II<\/strong>. Weiterhin soll sowohl ein kameradschaftlicher Zusammenhalt innerhalb des Fanclubs erreicht werden, der sich auch au\u00dferhalb von Fahrten zu Spielen ausdr\u00fccken soll. Dazu werden eigenst\u00e4ndig Veranstaltungen organisiert.<br \/>\n<strong>III<\/strong>. Ein freundschaftlicher Kontakt zu anderen BVB \u2013 Fanclubs und einzelnen Fans ist ebenfalls anzustreben.<\/p>\n<p><strong>\u00a7 3 Erwerb und Verlust der Mitgliedschaft<\/strong><\/p>\n<p><strong>I<\/strong>. Erwerb der Mitgliedschaft<br \/>\nDer Verein\/ Fanclub besteht aus ordentlichen Mitgliedern, jugendlichen Mitgliedern und Kindern. Als ordentliches Mitglied gelten Erwachsene, ab dem 18. Lebensjahr. Jugendliche sind Personen ab dem 14. Lebensjahr und als Kinder gelten Personen bis 14 Jahre.<\/p>\n<p>Wer die Mitgliedschaft erwerben will, hat an den Vorstand ein schriftliches Aufnahmegesuch zu richten. Bei Minderj\u00e4hrigen ist die Unterschrift des gesetzlichen Vertreters als Zustimmung hierzu abzugeben. \u00dcber die Aufnahme entscheidet der Vorstand. Er ist nicht verpflichtet dem Antragssteller die Gr\u00fcnde evtl. Ablehnung anzugeben. Mit der Anmeldung unterwirft sich jedes Mitglied den Bestimmungen dieser Satzung und den Vorschriften des Vereinsrechtes nach \u00a7\u00a7 21 bis 79 des BGB.<\/p>\n<p>Der Vorstand entscheidet im Einzelfall, ob eine Person als geeignet angesehen wird oder nicht. Ungeeignet sind folgende Verhaltensweisen \/ Personen:<\/p>\n<p>&#8211; Aktiv gewaltbereite Personen (aktiv bedeutet, dass die Person selbstst\u00e4ndig k\u00f6rperliche Auseinandersetzungen mit Dritten anstrebt).<br \/>\n&#8211; Personen, die andere Straftatbest\u00e4nde des StGB verwirklichen au\u00dfer \u00a7 185 StGB (Beleidigung), wenn f\u00fcr jeden Au\u00dfenstehenden klar ersichtlich ist, dass man nicht die Einzelperson meint sondern gemeinhin den \u201eFan\u201c einer bestimmten Mannschaft.<br \/>\n&#8211; Personen, die sich nicht an die Verhaltensanweisungen des Vorstandes halten.<\/p>\n<p><strong>II<\/strong>. Ende der Mitgliedschaft<\/p>\n<p>1. Die Mitgliedschaft im Fanclub endet mit dem Tod, dem Ausf\u00fcllen einer<br \/>\nschriftlichen Austrittserkl\u00e4rung oder durch Ausschluss.<\/p>\n<p>2. \u00dcber den Ausschluss eines Mitgliedes entscheidet der gesamte Vorstand in einer nicht\u00f6ffentlichen Abstimmung durch einfachen Mehrheitsbeschluss.<\/p>\n<p>3. Ausschlussgr\u00fcnde k\u00f6nnen aktiv durchgef\u00fchrte Straftaten, Missachten der<br \/>\nEntscheidungen \/ Verhaltensanweisungen des Vorstandes, Nichtzahlen des Mitgliedsbeitrages (siehe \u00a7 5) oder eine vom Vorstand oder Mitgliedern festgestellte Inaktivit\u00e4t sein.<\/p>\n<p>4. Weitere Ausschlussgr\u00fcnde ergeben sich aus dem gesunden Menschenverstand.<\/p>\n<p>&nbsp;<\/p>\n<p><strong>\u00a7 4 Mitgliedsbeitrag<\/strong><\/p>\n<p>1. Aufgrund der hohen Organisationskosten des Vorstandes wird ein j\u00e4hrlicher<br \/>\nMitgliedsbeitrag erhoben. Dieser deckt alle laufenden Kosten des Fanclubs, welche zur Organisation von Fahrten sowie etwaigen Veranstaltungen anfallen.<\/p>\n<p>2. Die H\u00f6he des Jahresbeitrages wird von der Mitgliederversammlung festgelegt.<\/p>\n<p>3. Zahlbar ist der Beitrag am 01.07. jeden Jahres, bei Neueintritt erfolgt eine anteilige Zahlung die je nach Eintrittsdatum errechnet wird.<\/p>\n<p>&nbsp;<\/p>\n<p><strong>\u00a7 5 Bezahlung \/ R\u00fccktritt von Spielfahrten<\/strong><\/p>\n<p><strong>I<\/strong>. Bezahlung der Spielfahrten und Eintrittskarten<\/p>\n<p>Die Fahrt sowie die Eintrittskarte des jeweiligen Spieles muss unmittelbar nach Anmeldung zur Fahrt bezahlt werden, eine Reservierung f\u00fcr den Platz im Bus und die Eintrittskarte erfolgt erst nach Bezahlung beim Vorstand.<\/p>\n<p><strong>II<\/strong>. R\u00fccktritt von einer Fahrt<\/p>\n<p>Bei einem R\u00fccktritt von weniger als 5 Tagen vor dem jeweiligen Spiel hat die Person folgende Geb\u00fchren zu entrichten:<\/p>\n<p>Fahrt mit gro\u00dfem Bus (20 Pl\u00e4tze): 25 Euro \/ Fahrt mit 9er-Bus: 20 Euro<\/p>\n<p>Diese Geb\u00fchren decken die Reservierung des Busses sowie die Treibstoffkosten welche nicht zu Lasten der Mitfahrer gehen sollen.<\/p>\n<p>F\u00fcr die Eintrittskarte wird nur im Falle eines Werktagspieles eine Geb\u00fchr erhoben.<\/p>\n<p>Sollte ein nach R\u00fccktritt freigewordener Platz durch einen \u201eNachz\u00fcgler\u201c besetzt werden, muss die zur\u00fcckgetretene Person keine Geb\u00fchren bezahlen.<\/p>\n","protected":false},"excerpt":{"rendered":"<p>\u00a7 1 Name, Sitz des und Logo des Fanclubs Der am 19.12.2009 gegr\u00fcndete Fanclub tr\u00e4gt den Namen \u201eBlack Yellow Panther (Eifel Mosel Rhein)\u201c und hat seinen Sitz in 56814 Landkern&#8230;. <\/p>\n<div class=\"read-more navbutton\"><a href=\"https:\/\/www.blackyellowpanther.de\/?page_id=48\">Read More<i class=\"fa fa-angle-double-right\"><\/i><\/a><\/div>\n","protected":false},"author":1,"featured_media":0,"parent":8,"menu_order":0,"comment_status":"closed","ping_status":"closed","template":"","meta":{"footnotes":""},"_links":{"self":[{"href":"https:\/\/www.blackyellowpanther.de\/index.php?rest_route=\/wp\/v2\/pages\/48"}],"collection":[{"href":"https:\/\/www.blackyellowpanther.de\/index.php?rest_route=\/wp\/v2\/pages"}],"about":[{"href":"https:\/\/www.blackyellowpanther.de\/index.php?rest_route=\/wp\/v2\/types\/page"}],"author":[{"embeddable":true,"href":"https:\/\/www.blackyellowpanther.de\/index.php?rest_route=\/wp\/v2\/users\/1"}],"replies":[{"embeddable":true,"href":"https:\/\/www.blackyellowpanther.de\/index.php?rest_route=%2Fwp%2Fv2%2Fcomments&post=48"}],"version-history":[{"count":12,"href":"https:\/\/www.blackyellowpanther.de\/index.php?rest_route=\/wp\/v2\/pages\/48\/revisions"}],"predecessor-version":[{"id":97,"href":"https:\/\/www.blackyellowpanther.de\/index.php?rest_route=\/wp\/v2\/pages\/48\/revisions\/97"}],"up":[{"embeddable":true,"href":"https:\/\/www.blackyellowpanther.de\/index.php?rest_route=\/wp\/v2\/pages\/8"}],"wp:attachment":[{"href":"https:\/\/www.blackyellowpanther.de\/index.php?rest_route=%2Fwp%2Fv2%2Fmedia&parent=48"}],"curies":[{"name":"wp","href":"https:\/\/api.w.org\/{rel}","templated":true}]}}