{"id":8,"date":"2014-06-01T19:11:39","date_gmt":"2014-06-01T17:11:39","guid":{"rendered":"http:\/\/www.feedfreakz.net\/autoverwertung\/?page_id=8"},"modified":"2024-11-17T22:34:57","modified_gmt":"2024-11-17T20:34:57","slug":"home","status":"publish","type":"page","link":"https:\/\/www.blackyellowpanther.de\/?page_id=8","title":{"rendered":"\u00dcber uns"},"content":{"rendered":"<p><strong>\u00dcber uns:<\/strong><\/p>\n<p>Seit der Saison 1998\/99 reisten regelm\u00e4\u00dfig ca. 6 Borussen aus dem Umkreis des Moselst\u00e4dtchen Cochem mit der Bahn zu den Heim- und Ausw\u00e4rtsspielen unsres BVB. Diese Gruppe existiert bis heute und wurde gr\u00f6\u00dfer und gr\u00f6\u00dfer.<\/p>\n<p>So beschloss unser 1. Vorsitzender eines Tages weitere BVB-Fans aus der Region Eifel\/Mosel anzuschreiben und diese in einem Fanclub zu vereinen.<\/p>\n<p>Das Interesse war gro\u00df und so wurden am 19.12.2009 (zum Hundertj\u00e4hrigen Bestehen des Vereins beim Spiel gegen den SC Freiburg) die Black Yellow Panther (Eifel\/Mosel\/Rhein) gegr\u00fcndet.<\/p>\n<p>Zurzeit z\u00e4hlen wir 165 Mitglieder und hoffen dass dies noch lange nicht das Ende ist.<\/p>\n<p>Seit dem 02.11.2010 sind wir auch offiziell gelisteter Fan-Club des BVB.<\/p>\n<p><strong>Die Best\u00e4tigung des BVB`s:<\/strong><\/p>\n<p><a href=\"http:\/\/www.blackyellowpanther.de\/wp-content\/uploads\/2014\/06\/best\u00e4tigung.jpg\"><img decoding=\"async\" loading=\"lazy\" class=\"size-medium wp-image-74 aligncenter\" src=\"http:\/\/www.blackyellowpanther.de\/wp-content\/uploads\/2014\/06\/best\u00e4tigung-300x225.jpg\" alt=\"best\u00e4tigung\" width=\"300\" height=\"225\" srcset=\"https:\/\/www.blackyellowpanther.de\/wp-content\/uploads\/2014\/06\/best\u00e4tigung-300x225.jpg 300w, https:\/\/www.blackyellowpanther.de\/wp-content\/uploads\/2014\/06\/best\u00e4tigung-1024x768.jpg 1024w\" sizes=\"(max-width: 300px) 100vw, 300px\" \/><\/a><br \/>\n<strong>Was sind unsere Ziele, was wollen wir erreichen?<\/strong><br \/>\nWir wollen so viele BVB-Fans wie m\u00f6glich aus der Region Eifel\/ Mosel \/Rhein zusammenf\u00fchren und so eine starke schwarzgelbe Gemeinschaft schaffen.<\/p>\n<p>Ob Jung ob alt, ob Mann ob Frau, ob Allesfahrer oder die die noch nie im Stadion sein konnten, ganz egal, bei uns ist f\u00fcr jeden Platz. Unser BVB steht im Mittelpunkt, sei es beim allw\u00f6chentlichen Schnack in der WhatsApp Gruppe oder als Unterst\u00fctzer im Stadion.<\/p>\n<p>Unsere Altersstruktur liegt momentan bei 3-70 Jahren.<\/p>\n<p>Die Voraussetzung um Mitglied zu werden, besteht darin, aus der Region zu kommen und am besten bereits aktive Mitglieder zu kennen.<\/p>\n<p><strong>Wie kann ich Mitglied werden?<\/strong><br \/>\nWenn du meinst, dass der Fanclub das Richtige f\u00fcr dich ist, dann setz dich einfach mit uns per E-Mail in Verbindung. Am besten ist es nat\u00fcrlich immer, wenn man sich pers\u00f6nlich kennen lernt, daher w\u00fcrden wir uns freuen wenn du dich einfach mal auf einem unserer regelm\u00e4\u00dfigen Stammtische blicken l\u00e4sst.<\/p>\n<p><strong>Unser &#8222;Gr\u00fcndungs-&#8220; WAPPEN<\/strong><a href=\"http:\/\/www.blackyellowpanther.de\/wp-content\/uploads\/2014\/06\/image.jpg\"><img decoding=\"async\" loading=\"lazy\" class=\"size-medium wp-image-118 aligncenter\" src=\"http:\/\/www.blackyellowpanther.de\/wp-content\/uploads\/2014\/06\/image-300x271.jpg\" alt=\"image\" width=\"300\" height=\"271\" srcset=\"https:\/\/www.blackyellowpanther.de\/wp-content\/uploads\/2014\/06\/image-300x271.jpg 300w, https:\/\/www.blackyellowpanther.de\/wp-content\/uploads\/2014\/06\/image.jpg 724w\" sizes=\"(max-width: 300px) 100vw, 300px\" \/><\/a><\/p>\n<p><strong>Unsre Freunde<\/strong><\/p>\n<p>Seit 2012 geh\u00f6rt eine besondere Truppe aus der Region Wuppertal zu unsrem Club. Die besagten Jungs sa\u00dfen zu jedem Heimspiel im Tennisclub Flora und zockten an ihrem reservierten Tisch diverse Runden &#8222;Schwimmen&#8220; :-). Da dies meist feucht fr\u00f6hlich endete, gesellte man sich hinzu, kam ins Gespr\u00e4ch und seither unzertrennlich!!! Aus diesem Grund wurde auch das W\u00f6rtchen &#8222;Wupper&#8220; bei der Regionenaufz\u00e4hlung mit aufgenommen.<\/p>\n<p>In den unz\u00e4hligen Jahren haben sich weitere enge Freundschaften zu anderen Fanclubs entwickelt.<\/p>\n<p>So z\u00e4hlen zum Beispiel auch die beiden Nachbar Fanclubs &#8222;Borussenpower Untermosel&#8220; und &#8222;Fanclub Schwarz-Gelb Eifel&#8220; dazu. Es herrscht ein regelm\u00e4\u00dfiger Austausch und gegenseitige Unterst\u00fctzung bei Tickets und Fahrten.<\/p>\n<p>Weitere Freundschaften bestehen zum Fanclub Bienenstock1909 und dem BVB Fanclub R\u00fcthen.<\/p>\n","protected":false},"excerpt":{"rendered":"<p>\u00dcber uns: Seit der Saison 1998\/99 reisten regelm\u00e4\u00dfig ca. 6 Borussen aus dem Umkreis des Moselst\u00e4dtchen Cochem mit der Bahn zu den Heim- und Ausw\u00e4rtsspielen unsres BVB. Diese Gruppe existiert&#8230; <\/p>\n<div class=\"read-more navbutton\"><a href=\"https:\/\/www.blackyellowpanther.de\/?page_id=8\">Read More<i class=\"fa fa-angle-double-right\"><\/i><\/a><\/div>\n","protected":false},"author":1,"featured_media":0,"parent":0,"menu_order":0,"comment_status":"closed","ping_status":"open","template":"","meta":{"footnotes":""},"_links":{"self":[{"href":"https:\/\/www.blackyellowpanther.de\/index.php?rest_route=\/wp\/v2\/pages\/8"}],"collection":[{"href":"https:\/\/www.blackyellowpanther.de\/index.php?rest_route=\/wp\/v2\/pages"}],"about":[{"href":"https:\/\/www.blackyellowpanther.de\/index.php?rest_route=\/wp\/v2\/types\/page"}],"author":[{"embeddable":true,"href":"https:\/\/www.blackyellowpanther.de\/index.php?rest_route=\/wp\/v2\/users\/1"}],"replies":[{"embeddable":true,"href":"https:\/\/www.blackyellowpanther.de\/index.php?rest_route=%2Fwp%2Fv2%2Fcomments&post=8"}],"version-history":[{"count":24,"href":"https:\/\/www.blackyellowpanther.de\/index.php?rest_route=\/wp\/v2\/pages\/8\/revisions"}],"predecessor-version":[{"id":959,"href":"https:\/\/www.blackyellowpanther.de\/index.php?rest_route=\/wp\/v2\/pages\/8\/revisions\/959"}],"wp:attachment":[{"href":"https:\/\/www.blackyellowpanther.de\/index.php?rest_route=%2Fwp%2Fv2%2Fmedia&parent=8"}],"curies":[{"name":"wp","href":"https:\/\/api.w.org\/{rel}","templated":true}]}}