{"id":90,"date":"2015-11-14T19:04:11","date_gmt":"2015-11-14T17:04:11","guid":{"rendered":"http:\/\/www.feedfreakz.net\/autoverwertung\/?page_id=90"},"modified":"2024-11-18T05:23:15","modified_gmt":"2024-11-18T03:23:15","slug":"besuchte-spiele","status":"publish","type":"page","link":"https:\/\/www.blackyellowpanther.de\/?page_id=90","title":{"rendered":"Galerie\/ Berichte"},"content":{"rendered":"\n<p>Wembley 2024 &#8230; leider wieder verloren \ud83d\ude41<\/p>\n\n\n\n<figure class=\"wp-block-image size-large is-resized\"><a href=\"https:\/\/www.blackyellowpanther.de\/wp-content\/uploads\/2024\/11\/0d3bce5c-959c-43e5-9453-0dab4c9bebb1.jpg\"><img decoding=\"async\" loading=\"lazy\" width=\"1024\" height=\"768\" src=\"https:\/\/www.blackyellowpanther.de\/wp-content\/uploads\/2024\/11\/0d3bce5c-959c-43e5-9453-0dab4c9bebb1-1024x768.jpg\" alt=\"\" class=\"wp-image-1035\" style=\"aspect-ratio:1.3333333333333333;width:506px;height:auto\" srcset=\"https:\/\/www.blackyellowpanther.de\/wp-content\/uploads\/2024\/11\/0d3bce5c-959c-43e5-9453-0dab4c9bebb1-1024x768.jpg 1024w, https:\/\/www.blackyellowpanther.de\/wp-content\/uploads\/2024\/11\/0d3bce5c-959c-43e5-9453-0dab4c9bebb1-300x225.jpg 300w, https:\/\/www.blackyellowpanther.de\/wp-content\/uploads\/2024\/11\/0d3bce5c-959c-43e5-9453-0dab4c9bebb1-768x576.jpg 768w, https:\/\/www.blackyellowpanther.de\/wp-content\/uploads\/2024\/11\/0d3bce5c-959c-43e5-9453-0dab4c9bebb1-1536x1152.jpg 1536w, https:\/\/www.blackyellowpanther.de\/wp-content\/uploads\/2024\/11\/0d3bce5c-959c-43e5-9453-0dab4c9bebb1.jpg 1600w\" sizes=\"(max-width: 1024px) 100vw, 1024px\" \/><\/a><\/figure>\n\n\n\n<figure class=\"wp-block-image size-large is-resized\"><a href=\"https:\/\/www.blackyellowpanther.de\/wp-content\/uploads\/2024\/11\/IMG_2321.jpg\"><img decoding=\"async\" loading=\"lazy\" width=\"1024\" height=\"768\" src=\"https:\/\/www.blackyellowpanther.de\/wp-content\/uploads\/2024\/11\/IMG_2321-1024x768.jpg\" alt=\"\" class=\"wp-image-1033\" style=\"aspect-ratio:1.3333333333333333;width:507px;height:auto\" srcset=\"https:\/\/www.blackyellowpanther.de\/wp-content\/uploads\/2024\/11\/IMG_2321-1024x768.jpg 1024w, https:\/\/www.blackyellowpanther.de\/wp-content\/uploads\/2024\/11\/IMG_2321-300x225.jpg 300w, https:\/\/www.blackyellowpanther.de\/wp-content\/uploads\/2024\/11\/IMG_2321-768x576.jpg 768w, https:\/\/www.blackyellowpanther.de\/wp-content\/uploads\/2024\/11\/IMG_2321-1536x1152.jpg 1536w, https:\/\/www.blackyellowpanther.de\/wp-content\/uploads\/2024\/11\/IMG_2321.jpg 2016w\" sizes=\"(max-width: 1024px) 100vw, 1024px\" \/><\/a><\/figure>\n\n\n\n<figure class=\"wp-block-video\"><video controls src=\"https:\/\/www.blackyellowpanther.de\/wp-content\/uploads\/2024\/11\/Unbenanntes-Video-\u2013-Mit-Clipchamp-erstellt-11.mp4\"><\/video><\/figure>\n\n\n\n<p>__________________________________________________________________________________________________________<\/p>\n\n\n\n<p>14.05.2017 S\u00fcdtrib\u00fcnenmeisterschaft<\/p>\n\n\n\n<p>S\u00fcdtrib\u00fcnenmeisterschaft erfolgreich absolviert.<\/p>\n\n\n\n<p>Zusammen mit unsren Freunden Borussen-Power Untermosel stellten wir ein Team bei der diesj\u00e4hrigen S\u00fcdtrib\u00fcnenmeisterschaft.<\/p>\n\n\n\n<p>Als Gruppenzweiter zogen wir in die Zwischenrunde ein (1:1, 1:2, 2:0). Dort gewannen wir mit 2:1 und standen im Achtelfinale. Dieses wurde souver\u00e4n mit 4:1 gewonnen, so dass wir bei der ersten Teilnahme gleich ins Viertelfinale eingezogen sind. Dort unterlagen wir ungl\u00fccklich im sieben Meter Schie\u00dfen und belegten somit Platz 5 von 64 Teams.<\/p>\n\n\n\n<figure class=\"wp-block-image size-full\"><a href=\"https:\/\/www.blackyellowpanther.de\/wp-content\/uploads\/2024\/11\/image-7.png\"><img decoding=\"async\" loading=\"lazy\" width=\"300\" height=\"169\" src=\"https:\/\/www.blackyellowpanther.de\/wp-content\/uploads\/2024\/11\/image-7.png\" alt=\"\" class=\"wp-image-985\"\/><\/a><\/figure>\n\n\n\n<p>___________________________________________________________________________________________________________<\/p>\n\n\n\n<p>10.08.2017 &#8211; Sommerfest<\/p>\n\n\n\n<p>EINE SCHWARZ-GELBE GESCHICHTE AUS DER EIFEL<\/p>\n\n\n\n<p>Nach bereits zwei erfolgreichen Sommerfesten des BVB-Fanclubs \u201eBlack Yellow Panther\u201c wurde am 5. August eine weitere Eifel-Gemeinde in Schwarz und Gelb gestaltet. Die mittlerweile \u00fcber 100 Mitglieder von Eifel, Mosel und Rhein kamen mit ihren Familien fast vollst\u00e4ndig zusammen um die alte Saison zu verabschieden und die neue Spielzeit einzul\u00e4uten. Der Eifler-Fanclub \u2013 ein Erfolgsmodell, gepr\u00e4gt durch viel Leidenschaft und der Hingabe zur Liebe <em><strong>Fu\u00dfball<\/strong><\/em> \u2013 ist nicht nur ein Zusammenschluss von Borussen-Fans, er ist unverzichtbar f\u00fcr eine ganze Region.<\/p>\n\n\n\n<p>Thomas Gilles ist <em>Borussen-Verr\u00fcckt<\/em>. Lissabon, Petersburg, Warschau, Madrid \u2013 schon so manche Stadt wurde zwecks des Fu\u00dfballs aufgesucht. Mit ein paar Freunden beschloss er 2009 bei bitterkalten Temperaturen auf der S\u00fcdtrib\u00fcne einen Fanclub ins Leben zu rufen. Seitdem ist er Vorsitzender der \u201eBlack Yellow Panther\u201c und die \u201eBlack Yellow Panther\u201c bestimmen seitdem einen Gro\u00dfteil der Freizeit von ihm. Besonders in den letzten drei Jahren ist die Mitgliederzahl stetig gewachsen. Momentan z\u00e4hlt der Verein \u00fcber 100 Anh\u00e4nger. Die Organisation ist aufwendiger geworden, immer mehr Leute wollen zu Fu\u00dfballspielen, es m\u00fcssen Karten besorgt und Fahrten geplant werden. Auf dem allj\u00e4hrlichen Sommerfest letzten Jahres bekam jedes Mitglied einen Schal mit Logo und Aufschrift des Fanclubs. Pullover, T-Shirts und Polohemden im gleichen Design wurden bereits im Laufe des vorletzten Jahres angeschafft. Dieses Jahr trafen sich die Mitglieder auf dem Sportplatz in Meiserich, einer kleinen Gemeinde inmitten der Eifel, inmitten im <em>Irgendwo<\/em>. Zusammen wurde gekickt, gefeiert und \u00fcber die Entwicklung im Fu\u00dfball diskutiert. Ein jeder konnte seine Ansichten \u00fcber die Eventisierung des Sports, \u00fcber die Verh\u00e4ltnism\u00e4\u00dfigkeit von Spielergeh\u00e4lter oder \u00fcber die Vorstellung von <em>Echten Fans <\/em>\u00e4u\u00dfern. Der eine w\u00fcrde den BVB lieber wieder in der Regionalliga sehen, als 50 Euro f\u00fcr ein Ticket zu zahlen um daf\u00fcr eine Musikshow in der Halbzeitpause geboten zu bekommen. Ein anderer empfindet steigenden TV-Einnahmen als positive Entwicklung und als vorteilhaft f\u00fcr den Zuschauer. Auch das Verhalten der Ultras wurde thematisiert. Blo\u00dfe Krawallmacher oder leidenschaftliche Fans? Auch hier gingen die Ansichten weit auseinander. Die Diskussionsbereitschaft der Mitglieder ist Teil des Fanclubs, gibt ihm einen eigenen Charakter, macht ihn spannend und verleiht ihm St\u00e4rke. Nicht nur auf dem Sommerfest wurde debattiert. Oftmals werden verschiedene Themen im eigenen Chat oder auf anderen Treffen aufgegriffen. Jede begr\u00fcndete Meinung wird akzeptiert, wenn auch nicht geteilt.<\/p>\n\n\n\n<p>Der Sportplatz in Meiserich war am Tag des Sommerfests mit zahlreichen Fahnen, Schals und Banner in schwarz und gelb geschm\u00fcckt. Auf einer kleinen Anh\u00f6he \u00fcber der Ortschaft wehte die Borussen-Flagge. Gegen Nachmittag fand ein kleiner Kick untereinander statt. Endergebnis \u2013 wie sollte es anders sein \u2013 Unentschieden. Beim gemeinsamen Diskutieren, Lachen, Essen und Trinken wurden die neugierigen Zuschauer aus der Ortschaft kaum bemerkt. Heimlich schlich der ein oder andere Meisericher um den Sportplatz, wollte ermitteln wo die ganzen Leute herkommen, wer diese sind, was veranstaltet wird. Wer die eigentliche Wichtigkeit der \u201eBlack Yellow Panther\u201c verstehen will, muss wissen, dass der l\u00e4ndliche Raum in Deutschland, auch die Eifel, mit einem Strukturwandel konfrontiert ist. Veranstaltungen wie diese sind r\u00fcckl\u00e4ufig, gar selten geworden. Vereine k\u00e4mpfen immer h\u00e4ufiger um die eigene Existenz. Mitglieder treten vermehrt aus, weil sie in anderen Regionen bessere Arbeit gefunden haben oder einfach zu alt f\u00fcr gr\u00f6\u00dfere Aktivit\u00e4ten geworden sind. Neue Interessenten sind Mangelware. Auch in anderen Bereichen sind Ver\u00e4nderungen sp\u00fcrbar: ganze Schulen werden wegen zu geringen Sch\u00fclerzahlen geschlossen, Feste finden weniger Besucher, Infrastrukturelle Versorgungssysteme versagen. Die Politik hat erkannt, dass der demografische Wandel tiefgreifende Ver\u00e4nderung in unserer Gesellschaft herbeif\u00fchrt, die alle Lebensbereiche betrifft \u2013 sp\u00fcrbar vor allem in l\u00e4ndlichen Gebieten. Jedoch wird zu oft in Phrasen versucht die Probleme zu l\u00f6sen, als sich auf die Ver\u00e4nderungen einzulassen und Zukunftskonzepte anzuwenden. Demgegen\u00fcber stehen die \u201eBlack Yellow Panther\u201c. Wenn auch unbewusst, hat sich die Gruppe zu einem Gegenpol entwickelt.<\/p>\n\n\n\n<p>Als am 5. August Borussia Dortmund im Supercup gegen Bayern M\u00fcnchen antrat, versammelten sich die \u201ePanther\u201c vor einer Leinwand auf dem Meisericher Sportplatz. Gemeinsam fieberten sie einem Sieg entgegen. Die Dortmunder spielten gut auf, gingen zweimal in F\u00fchrung und hatten am Ende trotzdem das Nachsehen. Nach kurzer Entt\u00e4uschung und einem Moment der Stille wurde \u00fcber die Leistung des Schiedsrichters debattiert. Anschlie\u00dfend wurde weiter gefeiert, getrunken und gelacht. Manche Mitglieder sahen sich hier das erste Mal und dennoch mit dem Gef\u00fchl einander schon lange Zeit zu kennen. Ein Gro\u00dfteil der Interaktionen im Fanklub finden n\u00e4mlich online statt.<\/p>\n\n\n\n<p>Entgegen anderen Vereinen in der Region w\u00e4chst die Zahl der Mitglieder st\u00e4ndig und entgegen anderen Vereinen in der Region sind die \u201eBlack Yellow Panther\u201c sehr aktiv. Vernetzt durch Chats und Foren kann jeder Zeit miteinander kommuniziert und diskutiert werden. Auch Fahrten zu Spielen und die Kartenvergabe wird meist online abgewickelt. WhatsApp, Internet oder Facebook; Plattformen solcher Art sind unverzichtbar geworden. F\u00fcr w\u00f6chentliche Treffen wohnen die Mitglieder zu weit verstreut auf dem Land. Weite Anfahrten abends nach der Arbeit w\u00fcrden schnell zu einem R\u00fcckgang des Engagements f\u00fchren. Virtuell lebt der Club 24 Stunden am Tag, 365 Tage im Jahr. Neben Text-Nachrichten werden auch Bilder und Videos \u00fcbermittelt, \u00fcber gesellschaftliche Entwicklungen debattiert und private Momente geteilt. Klar ist, dass <em>Fu\u00dfball<\/em> verbindet und nicht mit anderen Vereinen vergleichbar ist. Klar ist aber auch, dass die einmalige Erfolgsgeschichte nicht nur mit <em>Fu\u00dfball<\/em> zu erkl\u00e4ren ist. In vielen Aktivit\u00e4ten spielt der <em>Fu\u00dfball<\/em> nur noch eine untergeordnete Rolle. Der Fanclub steht als positives Entwicklungsmodell gegen negative Auswirkungen des demografischen Wandels. St\u00e4rkstes Argument daf\u00fcr ist, dass sich die verschiedenen Formen der Interaktionen selbst entwickelt haben und nicht lange Zeit geplant wurden. Junge Erwachsene, getrieben durch Leidenschaft, sind wohlm\u00f6glich besser in der Lage, moderne M\u00f6glichkeiten f\u00fcr zukunftsrelevante Entwicklungen spontan anzuwenden, als konservative Politinteressierte diese jemals hervorbringen k\u00f6nnen.<\/p>\n\n\n\n<p>Das harmonische Miteinander, das gemeinsame Mitfiebern an Spieltagen von Borussia Dortmund und die gegenseitige Hilfe untereinander sind wichtige Bestandteile des Clubs. Neue Mitglieder sind jederzeit willkommen und werden gerne in die schwarz-gelbe Gemeinschaft aufgenommen.<\/p>\n\n\n\n<figure class=\"wp-block-image size-full\"><a href=\"https:\/\/www.blackyellowpanther.de\/wp-content\/uploads\/2024\/11\/image-5.png\"><img decoding=\"async\" loading=\"lazy\" width=\"800\" height=\"450\" src=\"https:\/\/www.blackyellowpanther.de\/wp-content\/uploads\/2024\/11\/image-5.png\" alt=\"\" class=\"wp-image-980\" srcset=\"https:\/\/www.blackyellowpanther.de\/wp-content\/uploads\/2024\/11\/image-5.png 800w, https:\/\/www.blackyellowpanther.de\/wp-content\/uploads\/2024\/11\/image-5-300x169.png 300w, https:\/\/www.blackyellowpanther.de\/wp-content\/uploads\/2024\/11\/image-5-768x432.png 768w\" sizes=\"(max-width: 800px) 100vw, 800px\" \/><\/a><\/figure>\n\n\n\n<figure class=\"wp-block-image size-full is-resized\"><a href=\"https:\/\/www.blackyellowpanther.de\/wp-content\/uploads\/2024\/11\/image-4.png\"><img decoding=\"async\" loading=\"lazy\" width=\"450\" height=\"600\" src=\"https:\/\/www.blackyellowpanther.de\/wp-content\/uploads\/2024\/11\/image-4.png\" alt=\"\" class=\"wp-image-979\" style=\"aspect-ratio:0.75;width:261px;height:auto\" srcset=\"https:\/\/www.blackyellowpanther.de\/wp-content\/uploads\/2024\/11\/image-4.png 450w, https:\/\/www.blackyellowpanther.de\/wp-content\/uploads\/2024\/11\/image-4-225x300.png 225w\" sizes=\"(max-width: 450px) 100vw, 450px\" \/><\/a><\/figure>\n\n\n\n<figure class=\"wp-block-image size-full is-resized\"><a href=\"https:\/\/www.blackyellowpanther.de\/wp-content\/uploads\/2024\/11\/image-6.png\"><img decoding=\"async\" loading=\"lazy\" width=\"300\" height=\"200\" src=\"https:\/\/www.blackyellowpanther.de\/wp-content\/uploads\/2024\/11\/image-6.png\" alt=\"\" class=\"wp-image-981\" style=\"aspect-ratio:1.5;width:333px;height:auto\"\/><\/a><\/figure>\n\n\n\n<p>__________________________________________________________________________________________________________<\/p>\n\n\n\n<p>10.12.2016 &#8211; <a href=\"http:\/\/www.blackyellowpanther.de\/?p=615\">Alle Jahre wieder \u2013 Hennes vs. Emma<\/a><\/p>\n\n\n\n<figure class=\"wp-block-image size-full\"><a href=\"https:\/\/www.blackyellowpanther.de\/wp-content\/uploads\/2024\/11\/image-3.png\"><img decoding=\"async\" loading=\"lazy\" width=\"300\" height=\"225\" src=\"https:\/\/www.blackyellowpanther.de\/wp-content\/uploads\/2024\/11\/image-3.png\" alt=\"\" class=\"wp-image-978\"\/><\/a><\/figure>\n\n\n\n<p>Auch dieses Jahr ging es wieder zum Ausw\u00e4rtsspiel nach K\u00f6lle.<\/p>\n\n\n\n<p>Wir charterten einen Bus. Ein feucht fr\u00f6hlicher Tag wurde mit einem freundschaftlichem Remis beendet.<\/p>\n\n\n\n<p><\/p>\n\n\n\n<p>___________________________________________________________________________________________________________<\/p>\n\n\n\n<p>13.08.2016 &#8211; Sommerfest und neue Schals f\u00fcr die Mitglieder<\/p>\n\n\n\n<p><a href=\"http:\/\/www.blick-aktuell.de\/Berichte\/Sommerfest-Reloaded-221079.html\">Pressemitteilung Blick Aktuell<\/a><\/p>\n\n\n\n<p>Nach der erfolgreichen Sommerfest-Premiere des BVB-Fanclubs \u201eBlack Yellow Panther\u201c vor einem Jahr wurde der Sportplatz in Landkern zum zweiten Mal schwarz-gelb gestaltet. Die mittlerweile \u00fcber 80 Mitglieder von Eifel, Mosel und Rhein kamen mit ihren Familien bei sommerlichen Temperaturen fast vollst\u00e4ndig zusammen. Unter vielen leckeren Grillspezialit\u00e4ten war das kulinarische Highlight des Festes ein Spanferkel.<\/p>\n\n\n\n<p>Neben einer Torwand und anderen Spielm\u00f6glichkeiten mit dem Ball stand zur Abk\u00fchlung nicht nur f\u00fcr die kleinen Fans ein Planschbecken in Vereinsfarben bereit.<\/p>\n\n\n\n<p>Sportlicher H\u00f6hepunkt war ein Freundschaftsspiel gegen den befreundeten Fanclub \u201eBorussenpower Untermosel\u201c, mit dem gelegentlich gemeinsam Spiele des BVB besucht werden. Das Spiel auf h\u00f6chstem Niveau endete 5:5 Unentschieden, sodass die Ermittlung des Gewinners auf n\u00e4chstes Jahr vertagt werden musste. Thomas Gilles, der Vorsitzende des Fanclubs, bedankte sich w\u00e4hrend einer kurzen Ansprache f\u00fcr die tolle Atmosph\u00e4re und f\u00fcr die herausragende Stimmung bei den Black Yellow Panthers. Anschlie\u00dfend bekam jedes Mitglied einen Schal mit dem Logo und der Aufschrift des Fanclubs. Pullover, T-Shirts und Polohemden im gleichen Design wurden bereits im Laufe des letzten Jahres angeschafft.<\/p>\n\n\n\n<p>__________________________________________________________________________________________________________<\/p>\n\n\n<p>Saison 2016\/17<\/p>\n<p><a href=\"http:\/\/www.blackyellowpanther.de\/?page_id=663\" target=\"_blank\" rel=\"noopener\">Schnappsch\u00fcsse aus der aktuellen Saison<\/a><\/p>\n<p>Saison 2015\/16<\/p>\n<p><a href=\"http:\/\/www.blackyellowpanther.de\/?page_id=592&amp;preview=true\" target=\"_blank\" rel=\"noopener\">19. Spieltag \/ BMG &#8211; BVB<\/a><\/p>\n<p><a href=\"http:\/\/www.blackyellowpanther.de\/?page_id=516\">17. Spieltag \/ K\u00f6ln -BVB (zensiert:1)<\/a><\/p>\n<p><a href=\"http:\/\/www.blackyellowpanther.de\/?page_id=155\">DFB Pokal \/ Achtelfinale \/ BVB &#8211; Paderborn<\/a><\/p>\n<p><a href=\"http:\/\/www.blackyellowpanther.de\/?page_id=462\">9. Spieltag \/ Mainz &#8211; BVB 0:2<\/a><\/p>\n<p>Sonstiges<\/p>\n<p><a href=\"http:\/\/www.blackyellowpanther.de\/?page_id=171\">CL Finale 2013 in Wembley \/ BVB &#8211; Bayern<\/a><\/p>\n<p><a href=\"http:\/\/www.blackyellowpanther.de\/?page_id=432\">BYP International<\/a><\/p>\n<p><a href=\"http:\/\/www.blackyellowpanther.de\/?page_id=191\">Sammelsurium aus den letzten Jahren \ud83d\ude42<\/a><\/p>\n<p><a href=\"http:\/\/www.blackyellowpanther.de\/?page_id=486\">Sommerfest 2015<\/a><\/p>\n\n\n<figure class=\"wp-block-image size-full\"><a href=\"https:\/\/www.blackyellowpanther.de\/wp-content\/uploads\/2024\/11\/2.jpg\"><img decoding=\"async\" loading=\"lazy\" width=\"800\" height=\"450\" src=\"https:\/\/www.blackyellowpanther.de\/wp-content\/uploads\/2024\/11\/2.jpg\" alt=\"\" class=\"wp-image-986\" srcset=\"https:\/\/www.blackyellowpanther.de\/wp-content\/uploads\/2024\/11\/2.jpg 800w, https:\/\/www.blackyellowpanther.de\/wp-content\/uploads\/2024\/11\/2-300x169.jpg 300w, https:\/\/www.blackyellowpanther.de\/wp-content\/uploads\/2024\/11\/2-768x432.jpg 768w\" sizes=\"(max-width: 800px) 100vw, 800px\" \/><\/a><\/figure>\n\n\n\n<figure class=\"wp-block-image size-full\"><a href=\"https:\/\/www.blackyellowpanther.de\/wp-content\/uploads\/2024\/11\/cf58ddd4-9ba8-45d6-8f0e-01fe863d84bf-1.jpg\"><img decoding=\"async\" loading=\"lazy\" width=\"600\" height=\"600\" src=\"https:\/\/www.blackyellowpanther.de\/wp-content\/uploads\/2024\/11\/cf58ddd4-9ba8-45d6-8f0e-01fe863d84bf-1.jpg\" alt=\"\" class=\"wp-image-1039\" srcset=\"https:\/\/www.blackyellowpanther.de\/wp-content\/uploads\/2024\/11\/cf58ddd4-9ba8-45d6-8f0e-01fe863d84bf-1.jpg 600w, https:\/\/www.blackyellowpanther.de\/wp-content\/uploads\/2024\/11\/cf58ddd4-9ba8-45d6-8f0e-01fe863d84bf-1-300x300.jpg 300w, https:\/\/www.blackyellowpanther.de\/wp-content\/uploads\/2024\/11\/cf58ddd4-9ba8-45d6-8f0e-01fe863d84bf-1-150x150.jpg 150w\" sizes=\"(max-width: 600px) 100vw, 600px\" \/><\/a><\/figure>\n","protected":false},"excerpt":{"rendered":"<p>Wembley 2024 &#8230; leider wieder verloren \ud83d\ude41 __________________________________________________________________________________________________________ 14.05.2017 S\u00fcdtrib\u00fcnenmeisterschaft S\u00fcdtrib\u00fcnenmeisterschaft erfolgreich absolviert. Zusammen mit unsren Freunden Borussen-Power Untermosel stellten wir ein Team bei der diesj\u00e4hrigen S\u00fcdtrib\u00fcnenmeisterschaft. Als Gruppenzweiter zogen&#8230; <\/p>\n<div class=\"read-more navbutton\"><a href=\"https:\/\/www.blackyellowpanther.de\/?page_id=90\">Read More<i class=\"fa fa-angle-double-right\"><\/i><\/a><\/div>\n","protected":false},"author":1,"featured_media":0,"parent":0,"menu_order":0,"comment_status":"closed","ping_status":"closed","template":"","meta":{"footnotes":""},"_links":{"self":[{"href":"https:\/\/www.blackyellowpanther.de\/index.php?rest_route=\/wp\/v2\/pages\/90"}],"collection":[{"href":"https:\/\/www.blackyellowpanther.de\/index.php?rest_route=\/wp\/v2\/pages"}],"about":[{"href":"https:\/\/www.blackyellowpanther.de\/index.php?rest_route=\/wp\/v2\/types\/page"}],"author":[{"embeddable":true,"href":"https:\/\/www.blackyellowpanther.de\/index.php?rest_route=\/wp\/v2\/users\/1"}],"replies":[{"embeddable":true,"href":"https:\/\/www.blackyellowpanther.de\/index.php?rest_route=%2Fwp%2Fv2%2Fcomments&post=90"}],"version-history":[{"count":35,"href":"https:\/\/www.blackyellowpanther.de\/index.php?rest_route=\/wp\/v2\/pages\/90\/revisions"}],"predecessor-version":[{"id":1053,"href":"https:\/\/www.blackyellowpanther.de\/index.php?rest_route=\/wp\/v2\/pages\/90\/revisions\/1053"}],"wp:attachment":[{"href":"https:\/\/www.blackyellowpanther.de\/index.php?rest_route=%2Fwp%2Fv2%2Fmedia&parent=90"}],"curies":[{"name":"wp","href":"https:\/\/api.w.org\/{rel}","templated":true}]}}